{"id":42,"date":"2014-05-06T08:11:20","date_gmt":"2014-05-06T08:11:20","guid":{"rendered":"http:\/\/festivalibericobadajoz.es\/web\/?page_id=42"},"modified":"2025-05-11T18:23:36","modified_gmt":"2025-05-11T18:23:36","slug":"colaboradores","status":"publish","type":"page","link":"https:\/\/festivalibericobadajoz.es\/web\/colaboradores\/","title":{"rendered":"COLABORADORES"},"content":{"rendered":"<p><a href=\"http:\/\/www.teatrolopezdeayala.es\" target=\"_blank\" rel=\"noopener noreferrer\"><img loading=\"lazy\" decoding=\"async\" class=\"aligncenter wp-image-299 \" src=\"http:\/\/festivalibericobadajoz.es\/web\/wp-content\/uploads\/2014\/05\/lopez-de-ayala.jpg\" alt=\"lopez de ayala\" width=\"217\" height=\"245\" \/><\/a><\/p>\n<hr \/>\n<h4 style=\"text-align: center;\"><strong>IGLESIA DE LA CONCEPCI\u00d3N<\/strong><\/h4>\n<hr \/>\n<h4 style=\"text-align: center;\"><strong>CONVENTO DE LAS DESCALZAS<\/strong><\/h4>\n<hr \/>\n<p><a href=\"https:\/\/csmbadajoz.es\" target=\"_blank\" rel=\"noopener\"><img loading=\"lazy\" decoding=\"async\" class=\"size-medium wp-image-3455 aligncenter\" src=\"https:\/\/festivalibericobadajoz.es\/web\/wp-content\/uploads\/2025\/05\/logo-color-recortado-300x81.png\" alt=\"\" width=\"300\" height=\"81\" srcset=\"https:\/\/festivalibericobadajoz.es\/web\/wp-content\/uploads\/2025\/05\/logo-color-recortado-300x81.png 300w, https:\/\/festivalibericobadajoz.es\/web\/wp-content\/uploads\/2025\/05\/logo-color-recortado-230x62.png 230w, https:\/\/festivalibericobadajoz.es\/web\/wp-content\/uploads\/2025\/05\/logo-color-recortado-350x94.png 350w, https:\/\/festivalibericobadajoz.es\/web\/wp-content\/uploads\/2025\/05\/logo-color-recortado-480x129.png 480w, https:\/\/festivalibericobadajoz.es\/web\/wp-content\/uploads\/2025\/05\/logo-color-recortado.png 617w\" sizes=\"auto, (max-width: 300px) 100vw, 300px\" \/><\/a><\/p>\n<hr \/>\n<p><a href=\"https:\/\/www.conservatoriojuanvazquez.es\" target=\"_blank\" rel=\"noopener\"><img loading=\"lazy\" decoding=\"async\" class=\" wp-image-3456 aligncenter\" src=\"https:\/\/festivalibericobadajoz.es\/web\/wp-content\/uploads\/2025\/05\/juan-vazquez-158x300.png\" alt=\"\" width=\"117\" height=\"222\" srcset=\"https:\/\/festivalibericobadajoz.es\/web\/wp-content\/uploads\/2025\/05\/juan-vazquez-158x300.png 158w, https:\/\/festivalibericobadajoz.es\/web\/wp-content\/uploads\/2025\/05\/juan-vazquez.png 163w\" sizes=\"auto, (max-width: 117px) 100vw, 117px\" \/><\/a><\/p>\n<hr \/>\n<h4 style=\"text-align: center;\"><strong>ESCUELAS MUNICIPALES DE M\u00daSICA DE BADAJOZ<\/strong><\/h4>\n<hr \/>\n<p><a href=\"https:\/\/www.festclasica.com\/\" target=\"_blank\" rel=\"noopener noreferrer\"><br \/>\n<img loading=\"lazy\" decoding=\"async\" class=\"aligncenter wp-image-297 \" src=\"http:\/\/festivalibericobadajoz.es\/web\/wp-content\/uploads\/2014\/05\/FestClasicaOK.jpg\" alt=\"FestClasicaOK\" width=\"446\" height=\"201\" srcset=\"https:\/\/festivalibericobadajoz.es\/web\/wp-content\/uploads\/2014\/05\/FestClasicaOK.jpg 342w, https:\/\/festivalibericobadajoz.es\/web\/wp-content\/uploads\/2014\/05\/FestClasicaOK-300x135.jpg 300w\" sizes=\"auto, (max-width: 446px) 100vw, 446px\" \/><\/a><\/p>\n<hr \/>\n<p style=\"text-align: center;\">\n<p style=\"text-align: center;\"><strong><a href=\"https:\/\/villanuevadelfresno.com\" target=\"_blank\" rel=\"noopener\"><img loading=\"lazy\" decoding=\"async\" class=\"wp-image-3452 aligncenter\" src=\"https:\/\/festivalibericobadajoz.es\/web\/wp-content\/uploads\/2025\/05\/villanueva_del_fresno.svg_-224x300.png\" alt=\"\" width=\"183\" height=\"245\" srcset=\"https:\/\/festivalibericobadajoz.es\/web\/wp-content\/uploads\/2025\/05\/villanueva_del_fresno.svg_-224x300.png 224w, https:\/\/festivalibericobadajoz.es\/web\/wp-content\/uploads\/2025\/05\/villanueva_del_fresno.svg_-230x308.png 230w, https:\/\/festivalibericobadajoz.es\/web\/wp-content\/uploads\/2025\/05\/villanueva_del_fresno.svg_-350x469.png 350w, https:\/\/festivalibericobadajoz.es\/web\/wp-content\/uploads\/2025\/05\/villanueva_del_fresno.svg_.png 448w\" sizes=\"auto, (max-width: 183px) 100vw, 183px\" \/><\/a>Ayuntamiento de\u00a0<\/strong><b>Villanueva del Fresno<\/b><\/p>\n<hr \/>\n<p style=\"text-align: center;\"><a href=\"https:\/\/ayuntamientodealconchel.es\" target=\"_blank\" rel=\"noopener\"><img loading=\"lazy\" decoding=\"async\" class=\"alignnone size-full wp-image-3269\" src=\"https:\/\/festivalibericobadajoz.es\/web\/wp-content\/uploads\/2024\/05\/alconchel.png\" alt=\"\" width=\"147\" height=\"260\" \/><\/a><\/p>\n<p style=\"text-align: center;\"><strong>Ayuntamiento de Alconchel<br \/>\n<\/strong><\/p>\n<hr \/>\n<p style=\"text-align: center;\">\n<h4 style=\"text-align: center;\"><\/h4>\n","protected":false},"excerpt":{"rendered":"<p>IGLESIA DE LA CONCEPCI\u00d3N CONVENTO DE LAS DESCALZAS ESCUELAS MUNICIPALES DE M\u00daSICA DE BADAJOZ Ayuntamiento de\u00a0Villanueva del Fresno Ayuntamiento de Alconchel<\/p>\n","protected":false},"author":2,"featured_media":0,"parent":0,"menu_order":0,"comment_status":"closed","ping_status":"closed","template":"","meta":{"footnotes":""},"class_list":["post-42","page","type-page","status-publish","hentry"],"yoast_head":"<!-- This site is optimized with the Yoast SEO plugin v27.3 - https:\/\/yoast.com\/product\/yoast-seo-wordpress\/ -->\n<title>COLABORADORES - 42 Festival Ib\u00e9rico de M\u00fasica de Badajoz<\/title>\n<meta name=\"robots\" content=\"index, follow, max-snippet:-1, max-image-preview:large, max-video-preview:-1\" \/>\n<link rel=\"canonical\" href=\"https:\/\/festivalibericobadajoz.es\/web\/colaboradores\/\" \/>\n<meta property=\"og:locale\" content=\"es_ES\" \/>\n<meta property=\"og:type\" content=\"article\" \/>\n<meta property=\"og:title\" content=\"COLABORADORES - 42 Festival Ib\u00e9rico de M\u00fasica de Badajoz\" \/>\n<meta property=\"og:description\" content=\"IGLESIA DE LA CONCEPCI\u00d3N CONVENTO DE LAS DESCALZAS ESCUELAS MUNICIPALES DE M\u00daSICA DE BADAJOZ Ayuntamiento de\u00a0Villanueva del Fresno Ayuntamiento de Alconchel\" \/>\n<meta property=\"og:url\" content=\"https:\/\/festivalibericobadajoz.es\/web\/colaboradores\/\" \/>\n<meta property=\"og:site_name\" content=\"42 Festival Ib\u00e9rico de M\u00fasica de Badajoz\" \/>\n<meta property=\"article:modified_time\" content=\"2025-05-11T18:23:36+00:00\" \/>\n<meta property=\"og:image\" content=\"https:\/\/festivalibericobadajoz.es\/web\/wp-content\/uploads\/2014\/05\/lopez-de-ayala.jpg\" \/>\n\t<meta property=\"og:image:width\" content=\"124\" \/>\n\t<meta property=\"og:image:height\" content=\"140\" \/>\n\t<meta property=\"og:image:type\" content=\"image\/jpeg\" \/>\n<script type=\"application\/ld+json\" class=\"yoast-schema-graph\">{\"@context\":\"https:\\\/\\\/schema.org\",\"@graph\":[{\"@type\":\"WebPage\",\"@id\":\"https:\\\/\\\/festivalibericobadajoz.es\\\/web\\\/colaboradores\\\/\",\"url\":\"https:\\\/\\\/festivalibericobadajoz.es\\\/web\\\/colaboradores\\\/\",\"name\":\"COLABORADORES - 42 Festival Ib\u00e9rico de M\u00fasica de Badajoz\",\"isPartOf\":{\"@id\":\"https:\\\/\\\/festivalibericobadajoz.es\\\/web\\\/#website\"},\"primaryImageOfPage\":{\"@id\":\"https:\\\/\\\/festivalibericobadajoz.es\\\/web\\\/colaboradores\\\/#primaryimage\"},\"image\":{\"@id\":\"https:\\\/\\\/festivalibericobadajoz.es\\\/web\\\/colaboradores\\\/#primaryimage\"},\"thumbnailUrl\":\"http:\\\/\\\/festivalibericobadajoz.es\\\/web\\\/wp-content\\\/uploads\\\/2014\\\/05\\\/lopez-de-ayala.jpg\",\"datePublished\":\"2014-05-06T08:11:20+00:00\",\"dateModified\":\"2025-05-11T18:23:36+00:00\",\"breadcrumb\":{\"@id\":\"https:\\\/\\\/festivalibericobadajoz.es\\\/web\\\/colaboradores\\\/#breadcrumb\"},\"inLanguage\":\"es\",\"potentialAction\":[{\"@type\":\"ReadAction\",\"target\":[\"https:\\\/\\\/festivalibericobadajoz.es\\\/web\\\/colaboradores\\\/\"]}]},{\"@type\":\"ImageObject\",\"inLanguage\":\"es\",\"@id\":\"https:\\\/\\\/festivalibericobadajoz.es\\\/web\\\/colaboradores\\\/#primaryimage\",\"url\":\"http:\\\/\\\/festivalibericobadajoz.es\\\/web\\\/wp-content\\\/uploads\\\/2014\\\/05\\\/lopez-de-ayala.jpg\",\"contentUrl\":\"http:\\\/\\\/festivalibericobadajoz.es\\\/web\\\/wp-content\\\/uploads\\\/2014\\\/05\\\/lopez-de-ayala.jpg\"},{\"@type\":\"BreadcrumbList\",\"@id\":\"https:\\\/\\\/festivalibericobadajoz.es\\\/web\\\/colaboradores\\\/#breadcrumb\",\"itemListElement\":[{\"@type\":\"ListItem\",\"position\":1,\"name\":\"Portada\",\"item\":\"https:\\\/\\\/festivalibericobadajoz.es\\\/web\\\/\"},{\"@type\":\"ListItem\",\"position\":2,\"name\":\"COLABORADORES\"}]},{\"@type\":\"WebSite\",\"@id\":\"https:\\\/\\\/festivalibericobadajoz.es\\\/web\\\/#website\",\"url\":\"https:\\\/\\\/festivalibericobadajoz.es\\\/web\\\/\",\"name\":\"42 Festival Ib\u00e9rico de M\u00fasica de Badajoz\",\"description\":\"Del 31 de mayo al 9 de junio de 2025\",\"potentialAction\":[{\"@type\":\"SearchAction\",\"target\":{\"@type\":\"EntryPoint\",\"urlTemplate\":\"https:\\\/\\\/festivalibericobadajoz.es\\\/web\\\/?s={search_term_string}\"},\"query-input\":{\"@type\":\"PropertyValueSpecification\",\"valueRequired\":true,\"valueName\":\"search_term_string\"}}],\"inLanguage\":\"es\"}]}<\/script>\n<!-- \/ Yoast SEO plugin. -->","yoast_head_json":{"title":"COLABORADORES - 42 Festival Ib\u00e9rico de M\u00fasica de Badajoz","robots":{"index":"index","follow":"follow","max-snippet":"max-snippet:-1","max-image-preview":"max-image-preview:large","max-video-preview":"max-video-preview:-1"},"canonical":"https:\/\/festivalibericobadajoz.es\/web\/colaboradores\/","og_locale":"es_ES","og_type":"article","og_title":"COLABORADORES - 42 Festival Ib\u00e9rico de M\u00fasica de Badajoz","og_description":"IGLESIA DE LA CONCEPCI\u00d3N CONVENTO DE LAS DESCALZAS ESCUELAS MUNICIPALES DE M\u00daSICA DE BADAJOZ Ayuntamiento de\u00a0Villanueva del Fresno Ayuntamiento de Alconchel","og_url":"https:\/\/festivalibericobadajoz.es\/web\/colaboradores\/","og_site_name":"42 Festival Ib\u00e9rico de M\u00fasica de Badajoz","article_modified_time":"2025-05-11T18:23:36+00:00","og_image":[{"width":124,"height":140,"url":"https:\/\/festivalibericobadajoz.es\/web\/wp-content\/uploads\/2014\/05\/lopez-de-ayala.jpg","type":"image\/jpeg"}],"schema":{"@context":"https:\/\/schema.org","@graph":[{"@type":"WebPage","@id":"https:\/\/festivalibericobadajoz.es\/web\/colaboradores\/","url":"https:\/\/festivalibericobadajoz.es\/web\/colaboradores\/","name":"COLABORADORES - 42 Festival Ib\u00e9rico de M\u00fasica de Badajoz","isPartOf":{"@id":"https:\/\/festivalibericobadajoz.es\/web\/#website"},"primaryImageOfPage":{"@id":"https:\/\/festivalibericobadajoz.es\/web\/colaboradores\/#primaryimage"},"image":{"@id":"https:\/\/festivalibericobadajoz.es\/web\/colaboradores\/#primaryimage"},"thumbnailUrl":"http:\/\/festivalibericobadajoz.es\/web\/wp-content\/uploads\/2014\/05\/lopez-de-ayala.jpg","datePublished":"2014-05-06T08:11:20+00:00","dateModified":"2025-05-11T18:23:36+00:00","breadcrumb":{"@id":"https:\/\/festivalibericobadajoz.es\/web\/colaboradores\/#breadcrumb"},"inLanguage":"es","potentialAction":[{"@type":"ReadAction","target":["https:\/\/festivalibericobadajoz.es\/web\/colaboradores\/"]}]},{"@type":"ImageObject","inLanguage":"es","@id":"https:\/\/festivalibericobadajoz.es\/web\/colaboradores\/#primaryimage","url":"http:\/\/festivalibericobadajoz.es\/web\/wp-content\/uploads\/2014\/05\/lopez-de-ayala.jpg","contentUrl":"http:\/\/festivalibericobadajoz.es\/web\/wp-content\/uploads\/2014\/05\/lopez-de-ayala.jpg"},{"@type":"BreadcrumbList","@id":"https:\/\/festivalibericobadajoz.es\/web\/colaboradores\/#breadcrumb","itemListElement":[{"@type":"ListItem","position":1,"name":"Portada","item":"https:\/\/festivalibericobadajoz.es\/web\/"},{"@type":"ListItem","position":2,"name":"COLABORADORES"}]},{"@type":"WebSite","@id":"https:\/\/festivalibericobadajoz.es\/web\/#website","url":"https:\/\/festivalibericobadajoz.es\/web\/","name":"42 Festival Ib\u00e9rico de M\u00fasica de Badajoz","description":"Del 31 de mayo al 9 de junio de 2025","potentialAction":[{"@type":"SearchAction","target":{"@type":"EntryPoint","urlTemplate":"https:\/\/festivalibericobadajoz.es\/web\/?s={search_term_string}"},"query-input":{"@type":"PropertyValueSpecification","valueRequired":true,"valueName":"search_term_string"}}],"inLanguage":"es"}]}},"_links":{"self":[{"href":"https:\/\/festivalibericobadajoz.es\/web\/wp-json\/wp\/v2\/pages\/42","targetHints":{"allow":["GET"]}}],"collection":[{"href":"https:\/\/festivalibericobadajoz.es\/web\/wp-json\/wp\/v2\/pages"}],"about":[{"href":"https:\/\/festivalibericobadajoz.es\/web\/wp-json\/wp\/v2\/types\/page"}],"author":[{"embeddable":true,"href":"https:\/\/festivalibericobadajoz.es\/web\/wp-json\/wp\/v2\/users\/2"}],"replies":[{"embeddable":true,"href":"https:\/\/festivalibericobadajoz.es\/web\/wp-json\/wp\/v2\/comments?post=42"}],"version-history":[{"count":40,"href":"https:\/\/festivalibericobadajoz.es\/web\/wp-json\/wp\/v2\/pages\/42\/revisions"}],"predecessor-version":[{"id":3461,"href":"https:\/\/festivalibericobadajoz.es\/web\/wp-json\/wp\/v2\/pages\/42\/revisions\/3461"}],"wp:attachment":[{"href":"https:\/\/festivalibericobadajoz.es\/web\/wp-json\/wp\/v2\/media?parent=42"}],"curies":[{"name":"wp","href":"https:\/\/api.w.org\/{rel}","templated":true}]}}