{"id":3551,"date":"2025-05-26T07:27:42","date_gmt":"2025-05-26T07:27:42","guid":{"rendered":"https:\/\/festivalibericobadajoz.es\/web\/?page_id=3551"},"modified":"2025-05-26T07:28:03","modified_gmt":"2025-05-26T07:28:03","slug":"programa-ivan-banos","status":"publish","type":"page","link":"https:\/\/festivalibericobadajoz.es\/web\/programa-ivan-banos\/","title":{"rendered":"Programa Iv\u00e1n Ba\u00f1os"},"content":{"rendered":"<p style=\"text-align: center;\"><strong>ISAAC ALB\u00c9NIZ (1860 \u2013 1909)<br \/>\n<\/strong><em>Asturias<\/em><\/p>\n<p style=\"text-align: center;\"><strong>ECKHARD KOPETZKI (1956)<br \/>\n<\/strong><em>Song Tango<br \/>\n<\/em><em>Menuett<\/em><\/p>\n<p style=\"text-align: center;\"><strong>NEY ROSAURO (1952)<br \/>\n<\/strong><em>Preludio n\u00ba1<br \/>\n<\/em><em>Preludio n\u00ba2<\/em><\/p>\n<p style=\"text-align: center;\"><strong>CLAUDIO SANTANGELO (1987)<br \/>\n<\/strong><em>Dance of the Butterfly<\/em><\/p>\n<p style=\"text-align: center;\"><strong>JOHANNES BRAHMS (1833 \u20131897)<br \/>\n<\/strong><em>Danza H\u00fangara (n\u00ba5)<\/em><\/p>\n<p style=\"text-align: center;\"><strong>VITTORIO MONTI (1868 \u20131922)<br \/>\n<\/strong><em>Czardas<\/em><\/p>\n","protected":false},"excerpt":{"rendered":"<p>ISAAC ALB\u00c9NIZ (1860 \u2013 1909) Asturias ECKHARD KOPETZKI (1956) Song Tango Menuett NEY ROSAURO (1952) Preludio n\u00ba1 Preludio n\u00ba2 CLAUDIO SANTANGELO (1987) [&hellip;]<\/p>\n","protected":false},"author":2,"featured_media":0,"parent":0,"menu_order":0,"comment_status":"closed","ping_status":"closed","template":"","meta":{"footnotes":""},"class_list":["post-3551","page","type-page","status-publish","hentry"],"yoast_head":"<!-- This site is optimized with the Yoast SEO plugin v27.3 - https:\/\/yoast.com\/product\/yoast-seo-wordpress\/ -->\n<title>Programa Iv\u00e1n Ba\u00f1os - 42 Festival Ib\u00e9rico de M\u00fasica de Badajoz<\/title>\n<meta name=\"robots\" content=\"index, follow, max-snippet:-1, max-image-preview:large, max-video-preview:-1\" \/>\n<link rel=\"canonical\" href=\"https:\/\/festivalibericobadajoz.es\/web\/programa-ivan-banos\/\" \/>\n<meta property=\"og:locale\" content=\"es_ES\" \/>\n<meta property=\"og:type\" content=\"article\" \/>\n<meta property=\"og:title\" content=\"Programa Iv\u00e1n Ba\u00f1os - 42 Festival Ib\u00e9rico de M\u00fasica de Badajoz\" \/>\n<meta property=\"og:description\" content=\"ISAAC ALB\u00c9NIZ (1860 \u2013 1909) Asturias ECKHARD KOPETZKI (1956) Song Tango Menuett NEY ROSAURO (1952) Preludio n\u00ba1 Preludio n\u00ba2 CLAUDIO SANTANGELO (1987) [&hellip;]\" \/>\n<meta property=\"og:url\" content=\"https:\/\/festivalibericobadajoz.es\/web\/programa-ivan-banos\/\" \/>\n<meta property=\"og:site_name\" content=\"42 Festival Ib\u00e9rico de M\u00fasica de Badajoz\" \/>\n<meta property=\"article:modified_time\" content=\"2025-05-26T07:28:03+00:00\" \/>\n<meta name=\"twitter:label1\" content=\"Tiempo de lectura\" \/>\n\t<meta name=\"twitter:data1\" content=\"1 minuto\" \/>\n<script type=\"application\/ld+json\" class=\"yoast-schema-graph\">{\"@context\":\"https:\\\/\\\/schema.org\",\"@graph\":[{\"@type\":\"WebPage\",\"@id\":\"https:\\\/\\\/festivalibericobadajoz.es\\\/web\\\/programa-ivan-banos\\\/\",\"url\":\"https:\\\/\\\/festivalibericobadajoz.es\\\/web\\\/programa-ivan-banos\\\/\",\"name\":\"Programa Iv\u00e1n Ba\u00f1os - 42 Festival Ib\u00e9rico de M\u00fasica de Badajoz\",\"isPartOf\":{\"@id\":\"https:\\\/\\\/festivalibericobadajoz.es\\\/web\\\/#website\"},\"datePublished\":\"2025-05-26T07:27:42+00:00\",\"dateModified\":\"2025-05-26T07:28:03+00:00\",\"breadcrumb\":{\"@id\":\"https:\\\/\\\/festivalibericobadajoz.es\\\/web\\\/programa-ivan-banos\\\/#breadcrumb\"},\"inLanguage\":\"es\",\"potentialAction\":[{\"@type\":\"ReadAction\",\"target\":[\"https:\\\/\\\/festivalibericobadajoz.es\\\/web\\\/programa-ivan-banos\\\/\"]}]},{\"@type\":\"BreadcrumbList\",\"@id\":\"https:\\\/\\\/festivalibericobadajoz.es\\\/web\\\/programa-ivan-banos\\\/#breadcrumb\",\"itemListElement\":[{\"@type\":\"ListItem\",\"position\":1,\"name\":\"Portada\",\"item\":\"https:\\\/\\\/festivalibericobadajoz.es\\\/web\\\/\"},{\"@type\":\"ListItem\",\"position\":2,\"name\":\"Programa Iv\u00e1n Ba\u00f1os\"}]},{\"@type\":\"WebSite\",\"@id\":\"https:\\\/\\\/festivalibericobadajoz.es\\\/web\\\/#website\",\"url\":\"https:\\\/\\\/festivalibericobadajoz.es\\\/web\\\/\",\"name\":\"42 Festival Ib\u00e9rico de M\u00fasica de Badajoz\",\"description\":\"Del 31 de mayo al 9 de junio de 2025\",\"potentialAction\":[{\"@type\":\"SearchAction\",\"target\":{\"@type\":\"EntryPoint\",\"urlTemplate\":\"https:\\\/\\\/festivalibericobadajoz.es\\\/web\\\/?s={search_term_string}\"},\"query-input\":{\"@type\":\"PropertyValueSpecification\",\"valueRequired\":true,\"valueName\":\"search_term_string\"}}],\"inLanguage\":\"es\"}]}<\/script>\n<!-- \/ Yoast SEO plugin. -->","yoast_head_json":{"title":"Programa Iv\u00e1n Ba\u00f1os - 42 Festival Ib\u00e9rico de M\u00fasica de Badajoz","robots":{"index":"index","follow":"follow","max-snippet":"max-snippet:-1","max-image-preview":"max-image-preview:large","max-video-preview":"max-video-preview:-1"},"canonical":"https:\/\/festivalibericobadajoz.es\/web\/programa-ivan-banos\/","og_locale":"es_ES","og_type":"article","og_title":"Programa Iv\u00e1n Ba\u00f1os - 42 Festival Ib\u00e9rico de M\u00fasica de Badajoz","og_description":"ISAAC ALB\u00c9NIZ (1860 \u2013 1909) Asturias ECKHARD KOPETZKI (1956) Song Tango Menuett NEY ROSAURO (1952) Preludio n\u00ba1 Preludio n\u00ba2 CLAUDIO SANTANGELO (1987) [&hellip;]","og_url":"https:\/\/festivalibericobadajoz.es\/web\/programa-ivan-banos\/","og_site_name":"42 Festival Ib\u00e9rico de M\u00fasica de Badajoz","article_modified_time":"2025-05-26T07:28:03+00:00","twitter_misc":{"Tiempo de lectura":"1 minuto"},"schema":{"@context":"https:\/\/schema.org","@graph":[{"@type":"WebPage","@id":"https:\/\/festivalibericobadajoz.es\/web\/programa-ivan-banos\/","url":"https:\/\/festivalibericobadajoz.es\/web\/programa-ivan-banos\/","name":"Programa Iv\u00e1n Ba\u00f1os - 42 Festival Ib\u00e9rico de M\u00fasica de Badajoz","isPartOf":{"@id":"https:\/\/festivalibericobadajoz.es\/web\/#website"},"datePublished":"2025-05-26T07:27:42+00:00","dateModified":"2025-05-26T07:28:03+00:00","breadcrumb":{"@id":"https:\/\/festivalibericobadajoz.es\/web\/programa-ivan-banos\/#breadcrumb"},"inLanguage":"es","potentialAction":[{"@type":"ReadAction","target":["https:\/\/festivalibericobadajoz.es\/web\/programa-ivan-banos\/"]}]},{"@type":"BreadcrumbList","@id":"https:\/\/festivalibericobadajoz.es\/web\/programa-ivan-banos\/#breadcrumb","itemListElement":[{"@type":"ListItem","position":1,"name":"Portada","item":"https:\/\/festivalibericobadajoz.es\/web\/"},{"@type":"ListItem","position":2,"name":"Programa Iv\u00e1n Ba\u00f1os"}]},{"@type":"WebSite","@id":"https:\/\/festivalibericobadajoz.es\/web\/#website","url":"https:\/\/festivalibericobadajoz.es\/web\/","name":"42 Festival Ib\u00e9rico de M\u00fasica de Badajoz","description":"Del 31 de mayo al 9 de junio de 2025","potentialAction":[{"@type":"SearchAction","target":{"@type":"EntryPoint","urlTemplate":"https:\/\/festivalibericobadajoz.es\/web\/?s={search_term_string}"},"query-input":{"@type":"PropertyValueSpecification","valueRequired":true,"valueName":"search_term_string"}}],"inLanguage":"es"}]}},"_links":{"self":[{"href":"https:\/\/festivalibericobadajoz.es\/web\/wp-json\/wp\/v2\/pages\/3551","targetHints":{"allow":["GET"]}}],"collection":[{"href":"https:\/\/festivalibericobadajoz.es\/web\/wp-json\/wp\/v2\/pages"}],"about":[{"href":"https:\/\/festivalibericobadajoz.es\/web\/wp-json\/wp\/v2\/types\/page"}],"author":[{"embeddable":true,"href":"https:\/\/festivalibericobadajoz.es\/web\/wp-json\/wp\/v2\/users\/2"}],"replies":[{"embeddable":true,"href":"https:\/\/festivalibericobadajoz.es\/web\/wp-json\/wp\/v2\/comments?post=3551"}],"version-history":[{"count":1,"href":"https:\/\/festivalibericobadajoz.es\/web\/wp-json\/wp\/v2\/pages\/3551\/revisions"}],"predecessor-version":[{"id":3552,"href":"https:\/\/festivalibericobadajoz.es\/web\/wp-json\/wp\/v2\/pages\/3551\/revisions\/3552"}],"wp:attachment":[{"href":"https:\/\/festivalibericobadajoz.es\/web\/wp-json\/wp\/v2\/media?parent=3551"}],"curies":[{"name":"wp","href":"https:\/\/api.w.org\/{rel}","templated":true}]}}