{"id":3337,"date":"2024-05-07T17:14:32","date_gmt":"2024-05-07T17:14:32","guid":{"rendered":"https:\/\/festivalibericobadajoz.es\/web\/?page_id=3337"},"modified":"2025-05-11T23:03:33","modified_gmt":"2025-05-11T23:03:33","slug":"programa-kenneth","status":"publish","type":"page","link":"https:\/\/festivalibericobadajoz.es\/web\/programa-kenneth\/","title":{"rendered":"Kenneth Weiss"},"content":{"rendered":"<p style=\"font-weight: 400; text-align: center;\"><strong>PROGRAMA<\/strong><\/p>\n<p style=\"font-weight: 400; text-align: center;\">1 &#8211; Contrapunctus I<\/p>\n<p style=\"font-weight: 400; text-align: center;\">2 &#8211; Contrapunctus II<\/p>\n<p style=\"font-weight: 400; text-align: center;\">3 &#8211; Contrapunctus III<\/p>\n<p style=\"font-weight: 400; text-align: center;\">4 &#8211; Contrapunctus IV<\/p>\n<p style=\"font-weight: 400; text-align: center;\">5 &#8211; Canon per augmentationem in contrario motu<\/p>\n<p style=\"font-weight: 400; text-align: center;\">6 &#8211; Contrapunctus V<\/p>\n<p style=\"font-weight: 400; text-align: center;\">7 &#8211; Contrapunctus VI<\/p>\n<p style=\"font-weight: 400; text-align: center;\">8 &#8211; Canon alla duodecima in contrapunto alla quinta<\/p>\n<p style=\"font-weight: 400; text-align: center;\">9 &#8211; Contrapunctus VII<\/p>\n<p style=\"font-weight: 400; text-align: center;\">10 &#8211; Contrapunctus VIII<\/p>\n<p style=\"font-weight: 400; text-align: center;\">11 &#8211; Contrapunctus IX<\/p>\n<p style=\"font-weight: 400; text-align: center;\">12 &#8211; Canon alla ottava<\/p>\n<p style=\"font-weight: 400; text-align: center;\">13 &#8211; Contrapunctus X<\/p>\n<p style=\"font-weight: 400; text-align: center;\">14 &#8211; Contrapunctus XI<\/p>\n<p style=\"font-weight: 400; text-align: center;\">15 &#8211; Canon alla decima in contrapunto alla terza<\/p>\n<p style=\"font-weight: 400; text-align: center;\">16 &#8211; Contrapunctus XII<\/p>\n<p style=\"font-weight: 400; text-align: center;\">17 &#8211; Contrapunctus XIII<\/p>\n<p style=\"font-weight: 400; text-align: center;\">18 &#8211; Contrapunctus XIV<\/p>\n<p style=\"font-weight: 400; text-align: center;\"><strong>NOTAS AL PROGRAMA <\/strong><\/p>\n<p style=\"font-weight: 400;\"><strong>Sobre <em>El arte de la fuga<\/em><\/strong><\/p>\n<p style=\"font-weight: 400; text-align: justify;\">Aun siendo conocedor de <em>El arte de la fuga<\/em> desde hace muchos a\u00f1os, lo cierto es que no me dediqu\u00e9 a estudiarla en profundidad hasta 2020. Cuando el Covid-19 dej\u00f3 en suspenso toda actividad concert\u00edstica, me qued\u00e9 confinado en casa, al igual que mis compa\u00f1eros m\u00fasicos, con un calendario creciente de cancelaciones; de ellas mi primer recital de <em>El arte de la fuga<\/em> fue la que m\u00e1s me doli\u00f3. As\u00ed pues, aprovech\u00e9 el tiempo de reclusi\u00f3n para sumergirme en la obra. D\u00eda tras d\u00eda acud\u00eda a ella en busca de consuelo, de inspiraci\u00f3n y de sentido en un mundo lleno de incertidumbres. La admiraci\u00f3n que sent\u00ed por la ilimitada imaginaci\u00f3n y maestr\u00eda de Bach mientras me retaba a escuchar, escuchar de verdad, todo lo que contiene, me levantaba el \u00e1nimo y me procuraba gran alegr\u00eda. Fue un acto de devoci\u00f3n y lo recuerdo con cari\u00f1o.<\/p>\n<p style=\"font-weight: 400; text-align: justify;\">En 2019 tuve la gran suerte de que el Museu Nacional da M\u00fasica me invitara a ofrecer el recital inaugural de su entonces recientemente restaurado clave hist\u00f3rico Taskin. Qued\u00e9 inmediatamente cautivado por la profundidad de sonido, potente a la vez que dulce. Fue una sensaci\u00f3n m\u00e1gica ser consciente de que mis manos hac\u00edan cantar de nuevo al instrumento, tal y como lo hab\u00edan hecho otras manos en tan bello teclado a lo largo de m\u00e1s de dos siglos. Estoy en deuda con el Museu por hacer posible que grabara la obra maestra que es <em>El arte de la fuga<\/em> en otra obra maestra como es el Taskin de Lisboa.<\/p>\n<p style=\"font-weight: 400; text-align: justify;\">Compuesta durante la \u00faltima d\u00e9cada de su vida, <em>El arte de la fuga<\/em> se compone de 14 fugas o contrapunctus y 4 c\u00e1nones basados todos ellos en un mismo tema. Ser\u00eda la \u00faltima y m\u00e1s lograda de las exploraciones de Bach en la composici\u00f3n contrapunt\u00edstica. Si bien ya era considerado por sus contempor\u00e1neos un maestro de la fuga, en esta ocasi\u00f3n quiso elevar los l\u00edmites de su maestr\u00eda al trabajar sobre un \u00fanico tema, en Re menor, para crear su apoteosis contrapunt\u00edstica. Cada una de las fugas aumenta su complejidad mientras el tema original va sufriendo numerosas transformaciones para demostrar todas las posibilidades de la composici\u00f3n fugada: inversiones tem\u00e1ticas, alteraciones r\u00edtmicas, im\u00e1genes especulares, variaciones seg\u00fan los estilos nacionales, aumentos y disminuciones. Nuevos temas aparecen en la segunda parte de la obra, si bien todos derivan del original.<\/p>\n<p style=\"font-weight: 400; text-align: justify;\">La \u00faltima fuga escrita por Bach y que da t\u00e9rmino a <em>El arte de la fuga<\/em>, el Contrapunctus XIV, est\u00e1 incompleta. El tercer tema que introduce en esta fuga es su propio nombre B-A-C-H, cuyas letras corresponden a Si bemol, La, Do y Si (H en alem\u00e1n), as\u00ed, de la misma manera que un pintor firma su obra maestra, esta es la firma musical de Bach. Aunque la delicada salud de Bach ha sido con frecuencia la explicaci\u00f3n dada a la inconclusi\u00f3n de la obra, algunos de los m\u00e1s importantes estudiosos del compositor piensan actualmente que el final se perdi\u00f3 o que tal vez nunca quisiera concluir la obra y la dejara expresamente abierta como reto a resolver por el int\u00e9rprete. Sin embargo, se produce una poderosa met\u00e1fora en tan fascinante ruptura; tras 80 minutos de un logro sin precedentes, de una belleza y complejidad divinas, abruptamente termina. La postrera obra de Bach, como la vida, acaba sin un desenlace.<\/p>\n<p style=\"font-weight: 400; text-align: justify;\">\n<p style=\"font-weight: 400; text-align: justify;\">Bach escribi\u00f3 la obra en cuatro pentagramas en lugar de en los dos que habitualmente empleaba en sus obras para tecla y no especific\u00f3 que se tratara de una pieza para teclado (aunque s\u00ed lo hizo su hijo C.P.E. Bach, que fue el primero en publicarla un a\u00f1o despu\u00e9s del fallecimiento del padre). Exist\u00eda una importante tradici\u00f3n centenaria de escribir el contrapunto para tecla en partitura general\/para director por motivos de legibilidad, no obstante, numerosos expertos consideran que originalmente quedaba abierta para su posible orquestaci\u00f3n. Aunque sigo la creencia de mi maestro Gustav Leonhardt al considerarla una obra para tecla, en general, las obras de Bach, m\u00e1s que las de cualquier otro compositor, pueden casi siempre transcribirse satisfactoriamente por su inherente completitud y universalidad. Un cuarteto de cuerda, el piano moderno o cualquier otra combinaci\u00f3n de instrumentos solistas puede exitosa y convincentemente hacer justicia a la obra.<\/p>\n<p style=\"font-weight: 400; text-align: justify;\">Todos los instrumentos poseen sus cualidades propias y el modo en el que pueden acentuar las complejidades de la escritura por partes difieren. Mientras que un pianista o un violinista pueden simplemente tocar el tema de una determinada voz m\u00e1s fuerte para destacarlo, el clave, incapaz de hacerlo, se sirve de la articulaci\u00f3n, el toque, el tempo y la variaci\u00f3n r\u00edtmica para crear profundidad dimensional. Aunque m\u00e1s complicada de alcanzar, esta \u201cmagn\u00edfica limitaci\u00f3n\u201d, el despliegue de estas t\u00e9cnicas para explorar expresividades y matices, lo es todo.<\/p>\n<p style=\"font-weight: 400; text-align: justify;\">\n<p style=\"font-weight: 400; text-align: justify;\"><strong>Kenneth Weiss, Montauk<\/strong>, New York, Junio 2021<\/p>\n","protected":false},"excerpt":{"rendered":"<p>PROGRAMA 1 &#8211; Contrapunctus I 2 &#8211; Contrapunctus II 3 &#8211; Contrapunctus III 4 &#8211; Contrapunctus IV 5 &#8211; Canon per augmentationem [&hellip;]<\/p>\n","protected":false},"author":2,"featured_media":0,"parent":0,"menu_order":0,"comment_status":"closed","ping_status":"closed","template":"","meta":{"footnotes":""},"class_list":["post-3337","page","type-page","status-publish","hentry"],"yoast_head":"<!-- This site is optimized with the Yoast SEO plugin v27.3 - https:\/\/yoast.com\/product\/yoast-seo-wordpress\/ -->\n<title>Kenneth Weiss - 42 Festival Ib\u00e9rico de M\u00fasica de Badajoz<\/title>\n<meta name=\"robots\" content=\"index, follow, max-snippet:-1, max-image-preview:large, max-video-preview:-1\" \/>\n<link rel=\"canonical\" href=\"https:\/\/festivalibericobadajoz.es\/web\/programa-kenneth\/\" \/>\n<meta property=\"og:locale\" content=\"es_ES\" \/>\n<meta property=\"og:type\" content=\"article\" \/>\n<meta property=\"og:title\" content=\"Kenneth Weiss - 42 Festival Ib\u00e9rico de M\u00fasica de Badajoz\" \/>\n<meta property=\"og:description\" content=\"PROGRAMA 1 &#8211; Contrapunctus I 2 &#8211; Contrapunctus II 3 &#8211; Contrapunctus III 4 &#8211; Contrapunctus IV 5 &#8211; Canon per augmentationem [&hellip;]\" \/>\n<meta property=\"og:url\" content=\"https:\/\/festivalibericobadajoz.es\/web\/programa-kenneth\/\" \/>\n<meta property=\"og:site_name\" content=\"42 Festival Ib\u00e9rico de M\u00fasica de Badajoz\" \/>\n<meta property=\"article:modified_time\" content=\"2025-05-11T23:03:33+00:00\" \/>\n<meta name=\"twitter:label1\" content=\"Tiempo de lectura\" \/>\n\t<meta name=\"twitter:data1\" content=\"4 minutos\" \/>\n<script type=\"application\/ld+json\" class=\"yoast-schema-graph\">{\"@context\":\"https:\\\/\\\/schema.org\",\"@graph\":[{\"@type\":\"WebPage\",\"@id\":\"https:\\\/\\\/festivalibericobadajoz.es\\\/web\\\/programa-kenneth\\\/\",\"url\":\"https:\\\/\\\/festivalibericobadajoz.es\\\/web\\\/programa-kenneth\\\/\",\"name\":\"Kenneth Weiss - 42 Festival Ib\u00e9rico de M\u00fasica de Badajoz\",\"isPartOf\":{\"@id\":\"https:\\\/\\\/festivalibericobadajoz.es\\\/web\\\/#website\"},\"datePublished\":\"2024-05-07T17:14:32+00:00\",\"dateModified\":\"2025-05-11T23:03:33+00:00\",\"breadcrumb\":{\"@id\":\"https:\\\/\\\/festivalibericobadajoz.es\\\/web\\\/programa-kenneth\\\/#breadcrumb\"},\"inLanguage\":\"es\",\"potentialAction\":[{\"@type\":\"ReadAction\",\"target\":[\"https:\\\/\\\/festivalibericobadajoz.es\\\/web\\\/programa-kenneth\\\/\"]}]},{\"@type\":\"BreadcrumbList\",\"@id\":\"https:\\\/\\\/festivalibericobadajoz.es\\\/web\\\/programa-kenneth\\\/#breadcrumb\",\"itemListElement\":[{\"@type\":\"ListItem\",\"position\":1,\"name\":\"Portada\",\"item\":\"https:\\\/\\\/festivalibericobadajoz.es\\\/web\\\/\"},{\"@type\":\"ListItem\",\"position\":2,\"name\":\"Kenneth Weiss\"}]},{\"@type\":\"WebSite\",\"@id\":\"https:\\\/\\\/festivalibericobadajoz.es\\\/web\\\/#website\",\"url\":\"https:\\\/\\\/festivalibericobadajoz.es\\\/web\\\/\",\"name\":\"42 Festival Ib\u00e9rico de M\u00fasica de Badajoz\",\"description\":\"Del 31 de mayo al 9 de junio de 2025\",\"potentialAction\":[{\"@type\":\"SearchAction\",\"target\":{\"@type\":\"EntryPoint\",\"urlTemplate\":\"https:\\\/\\\/festivalibericobadajoz.es\\\/web\\\/?s={search_term_string}\"},\"query-input\":{\"@type\":\"PropertyValueSpecification\",\"valueRequired\":true,\"valueName\":\"search_term_string\"}}],\"inLanguage\":\"es\"}]}<\/script>\n<!-- \/ Yoast SEO plugin. -->","yoast_head_json":{"title":"Kenneth Weiss - 42 Festival Ib\u00e9rico de M\u00fasica de Badajoz","robots":{"index":"index","follow":"follow","max-snippet":"max-snippet:-1","max-image-preview":"max-image-preview:large","max-video-preview":"max-video-preview:-1"},"canonical":"https:\/\/festivalibericobadajoz.es\/web\/programa-kenneth\/","og_locale":"es_ES","og_type":"article","og_title":"Kenneth Weiss - 42 Festival Ib\u00e9rico de M\u00fasica de Badajoz","og_description":"PROGRAMA 1 &#8211; Contrapunctus I 2 &#8211; Contrapunctus II 3 &#8211; Contrapunctus III 4 &#8211; Contrapunctus IV 5 &#8211; Canon per augmentationem [&hellip;]","og_url":"https:\/\/festivalibericobadajoz.es\/web\/programa-kenneth\/","og_site_name":"42 Festival Ib\u00e9rico de M\u00fasica de Badajoz","article_modified_time":"2025-05-11T23:03:33+00:00","twitter_misc":{"Tiempo de lectura":"4 minutos"},"schema":{"@context":"https:\/\/schema.org","@graph":[{"@type":"WebPage","@id":"https:\/\/festivalibericobadajoz.es\/web\/programa-kenneth\/","url":"https:\/\/festivalibericobadajoz.es\/web\/programa-kenneth\/","name":"Kenneth Weiss - 42 Festival Ib\u00e9rico de M\u00fasica de Badajoz","isPartOf":{"@id":"https:\/\/festivalibericobadajoz.es\/web\/#website"},"datePublished":"2024-05-07T17:14:32+00:00","dateModified":"2025-05-11T23:03:33+00:00","breadcrumb":{"@id":"https:\/\/festivalibericobadajoz.es\/web\/programa-kenneth\/#breadcrumb"},"inLanguage":"es","potentialAction":[{"@type":"ReadAction","target":["https:\/\/festivalibericobadajoz.es\/web\/programa-kenneth\/"]}]},{"@type":"BreadcrumbList","@id":"https:\/\/festivalibericobadajoz.es\/web\/programa-kenneth\/#breadcrumb","itemListElement":[{"@type":"ListItem","position":1,"name":"Portada","item":"https:\/\/festivalibericobadajoz.es\/web\/"},{"@type":"ListItem","position":2,"name":"Kenneth Weiss"}]},{"@type":"WebSite","@id":"https:\/\/festivalibericobadajoz.es\/web\/#website","url":"https:\/\/festivalibericobadajoz.es\/web\/","name":"42 Festival Ib\u00e9rico de M\u00fasica de Badajoz","description":"Del 31 de mayo al 9 de junio de 2025","potentialAction":[{"@type":"SearchAction","target":{"@type":"EntryPoint","urlTemplate":"https:\/\/festivalibericobadajoz.es\/web\/?s={search_term_string}"},"query-input":{"@type":"PropertyValueSpecification","valueRequired":true,"valueName":"search_term_string"}}],"inLanguage":"es"}]}},"_links":{"self":[{"href":"https:\/\/festivalibericobadajoz.es\/web\/wp-json\/wp\/v2\/pages\/3337","targetHints":{"allow":["GET"]}}],"collection":[{"href":"https:\/\/festivalibericobadajoz.es\/web\/wp-json\/wp\/v2\/pages"}],"about":[{"href":"https:\/\/festivalibericobadajoz.es\/web\/wp-json\/wp\/v2\/types\/page"}],"author":[{"embeddable":true,"href":"https:\/\/festivalibericobadajoz.es\/web\/wp-json\/wp\/v2\/users\/2"}],"replies":[{"embeddable":true,"href":"https:\/\/festivalibericobadajoz.es\/web\/wp-json\/wp\/v2\/comments?post=3337"}],"version-history":[{"count":3,"href":"https:\/\/festivalibericobadajoz.es\/web\/wp-json\/wp\/v2\/pages\/3337\/revisions"}],"predecessor-version":[{"id":3509,"href":"https:\/\/festivalibericobadajoz.es\/web\/wp-json\/wp\/v2\/pages\/3337\/revisions\/3509"}],"wp:attachment":[{"href":"https:\/\/festivalibericobadajoz.es\/web\/wp-json\/wp\/v2\/media?parent=3337"}],"curies":[{"name":"wp","href":"https:\/\/api.w.org\/{rel}","templated":true}]}}