{"id":3033,"date":"2023-04-30T20:33:04","date_gmt":"2023-04-30T20:33:04","guid":{"rendered":"https:\/\/festivalibericobadajoz.es\/web\/?page_id=3033"},"modified":"2025-05-11T22:37:10","modified_gmt":"2025-05-11T22:37:10","slug":"maria-mendes","status":"publish","type":"page","link":"https:\/\/festivalibericobadajoz.es\/web\/maria-mendes\/","title":{"rendered":"Maria Mendes"},"content":{"rendered":"<p style=\"font-weight: 400; text-align: justify;\">Desde su ciudad natal de Oporto, Portugal, hasta escenarios internacionales en Europa y Am\u00e9rica, Maria Mendes se ha consolidado como una de las voces m\u00e1s fascinantes del jazz contempor\u00e1neo. Vocalista, compositora y arreglista nominada en cuatro ocasiones a los premios GRAMMY\u00ae y Latin GRAMMY\u00ae, y ganadora del prestigioso Edison Jazz Award \u2014uno de los m\u00e1s importantes galardones musicales de los Pa\u00edses Bajos\u2014, Mendes conecta mundos con una originalidad deslumbrante.<\/p>\n<p style=\"font-weight: 400; text-align: justify;\"><em>\u00abUna cantante de jazz de primer nivel: su aplomo es tan impresionante como su potencia vocal.\u00bb<\/em> \u2013 <strong>DownBeat<\/strong><br \/>\n<em>\u00abUna verdadera autoridad en la tradici\u00f3n del jazz. Nada decepciona aqu\u00ed: \u00a1fascinante!\u00bb<\/em> \u2013 <strong>JazzTimes<\/strong><\/p>\n<p style=\"font-weight: 400; text-align: justify;\">En el n\u00facleo de la identidad art\u00edstica de Mendes se encuentra su innovador proyecto <strong>Fado Jazz<\/strong>: una reinterpretaci\u00f3n audaz y cargada de emoci\u00f3n del g\u00e9nero musical m\u00e1s emblem\u00e1tico de Portugal. Sus discos m\u00e1s recientes \u2014arreglados y coproducidos junto a John Beasley, y grabados con la orquesta ganadora del GRAMMY Metropole Orkest\u2014 fusionan la melancol\u00eda penetrante del fado tradicional con el jazz orquestal, la improvisaci\u00f3n y un lenguaje arm\u00f3nico atrevido. El resultado es un sonido que desaf\u00eda g\u00e9neros, profundamente arraigado y, a la vez, completamente nuevo.<\/p>\n<p style=\"font-weight: 400; text-align: justify;\">Ya sea al frente de su en\u00e9rgico cuarteto o junto a orquestas sinf\u00f3nicas, Maria Mendes deslumbra con su impresionante registro vocal, su valent\u00eda improvisadora y una expresividad conmovedora. Su voz cristalina, pero poderosa, se funde perfectamente con la energ\u00eda explosiva de su banda, creando momentos en vivo electrizantes. Con su cuarteto \u2014Jasper Somsen (contrabajo, NL), C\u00e9dric Hanriot (piano, FR) y Joel Silva (bater\u00eda, PT)\u2014 <strong>Mendes ofrece reinterpretaciones audaces de cl\u00e1sicos del fado y composiciones propias que reflejan una visi\u00f3n art\u00edstica poderosa.<\/strong><\/p>\n<p style=\"font-weight: 400; text-align: justify;\">Maria Mendes ha actuado con la Brussels Jazz Orchestra y colaborado con la clarinetista Anat Cohen en su composici\u00f3n original <em>\u00abInverso\u00bb<\/em>, seleccionada posteriormente para la telenovela portuguesa ganadora del Emmy <em>Ouro Verde<\/em>. En 2023, Wayne Shorter le dio personalmente su bendici\u00f3n para estrenar su suite sinf\u00f3nica de jazz <em>Gaia<\/em>, una colaboraci\u00f3n emblem\u00e1tica que subray\u00f3 su estatus como innovadora audaz del jazz vocal contempor\u00e1neo.<\/p>\n<p style=\"font-weight: 400; text-align: justify;\">Maria Mendes ha pisado algunos de los escenarios m\u00e1s emblem\u00e1ticos del mundo, como el Blue Note Jazz Club de Nueva York (donde fue la primera artista portuguesa en encabezar el cartel), el Concertgebouw de \u00c1msterdam, el North Sea Jazz Festival, el Montreux Jazz Festival, el SESC Pompeia de S\u00e3o Paulo, el Centro Cultural de Bel\u00e9m y la Casa da M\u00fasica en Oporto.<\/p>\n<p style=\"font-weight: 400; text-align: justify;\">Su obra contin\u00faa recibiendo elogios de la cr\u00edtica internacional: <em>\u00abEl canto de Maria Mendes est\u00e1 arraigado en el lenguaje del jazz, pero es en sus vuelos creativos donde muestra toda su libertad art\u00edstica.\u00bb<\/em> \u2013 <strong>VIS\u00c3O<\/strong><br \/>\n<em>\u00abUna cantante nacional que convierte al mundo en su escenario.\u00bb<\/em> \u2013 <strong>P\u00daBLICO<\/strong><br \/>\n<em>\u00abMaria en el centro del mundo.\u00bb<\/em> \u2013 <strong>EXPRESSO<\/strong><br \/>\n<em>\u00abLa voz y la improvisaci\u00f3n de Mendes son arte refinado.\u00bb<\/em> \u2013 <strong>NRC<\/strong><\/p>\n<p style=\"font-weight: 400; text-align: justify;\">Como la \u00fanica artista portuguesa en recibir m\u00faltiples reconocimientos internacionales \u2014a menudo como la \u00fanica mujer galardonada en categor\u00edas de arreglos\u2014, Maria Mendes sinti\u00f3 una profunda responsabilidad de dar mayor visibilidad a las voces femeninas en la m\u00fasica. As\u00ed naci\u00f3 <strong>Sisterhood of Sound<\/strong>, un innovador p\u00f3dcast en ingl\u00e9s donde mujeres de toda la industria musical hablan con franqueza sobre equidad, creatividad y liderazgo. Disponible en todas las plataformas de streaming.<\/p>\n<p style=\"font-weight: 400; text-align: justify;\"><strong>M\u00e1s informaci\u00f3n y contacto:<\/strong> <a href=\"https:\/\/maria-mendes.com\/\">maria-mendes.com<\/a><\/p>\n","protected":false},"excerpt":{"rendered":"<p>Desde su ciudad natal de Oporto, Portugal, hasta escenarios internacionales en Europa y Am\u00e9rica, Maria Mendes se ha consolidado como una de [&hellip;]<\/p>\n","protected":false},"author":2,"featured_media":0,"parent":0,"menu_order":0,"comment_status":"closed","ping_status":"closed","template":"","meta":{"footnotes":""},"class_list":["post-3033","page","type-page","status-publish","hentry"],"yoast_head":"<!-- This site is optimized with the Yoast SEO plugin v27.3 - https:\/\/yoast.com\/product\/yoast-seo-wordpress\/ -->\n<title>Maria Mendes - 42 Festival Ib\u00e9rico de M\u00fasica de Badajoz<\/title>\n<meta name=\"robots\" content=\"index, follow, max-snippet:-1, max-image-preview:large, max-video-preview:-1\" \/>\n<link rel=\"canonical\" href=\"https:\/\/festivalibericobadajoz.es\/web\/maria-mendes\/\" \/>\n<meta property=\"og:locale\" content=\"es_ES\" \/>\n<meta property=\"og:type\" content=\"article\" \/>\n<meta property=\"og:title\" content=\"Maria Mendes - 42 Festival Ib\u00e9rico de M\u00fasica de Badajoz\" \/>\n<meta property=\"og:description\" content=\"Desde su ciudad natal de Oporto, Portugal, hasta escenarios internacionales en Europa y Am\u00e9rica, Maria Mendes se ha consolidado como una de [&hellip;]\" \/>\n<meta property=\"og:url\" content=\"https:\/\/festivalibericobadajoz.es\/web\/maria-mendes\/\" \/>\n<meta property=\"og:site_name\" content=\"42 Festival Ib\u00e9rico de M\u00fasica de Badajoz\" \/>\n<meta property=\"article:modified_time\" content=\"2025-05-11T22:37:10+00:00\" \/>\n<meta name=\"twitter:label1\" content=\"Tiempo de lectura\" \/>\n\t<meta name=\"twitter:data1\" content=\"3 minutos\" \/>\n<script type=\"application\/ld+json\" class=\"yoast-schema-graph\">{\"@context\":\"https:\\\/\\\/schema.org\",\"@graph\":[{\"@type\":\"WebPage\",\"@id\":\"https:\\\/\\\/festivalibericobadajoz.es\\\/web\\\/maria-mendes\\\/\",\"url\":\"https:\\\/\\\/festivalibericobadajoz.es\\\/web\\\/maria-mendes\\\/\",\"name\":\"Maria Mendes - 42 Festival Ib\u00e9rico de M\u00fasica de Badajoz\",\"isPartOf\":{\"@id\":\"https:\\\/\\\/festivalibericobadajoz.es\\\/web\\\/#website\"},\"datePublished\":\"2023-04-30T20:33:04+00:00\",\"dateModified\":\"2025-05-11T22:37:10+00:00\",\"breadcrumb\":{\"@id\":\"https:\\\/\\\/festivalibericobadajoz.es\\\/web\\\/maria-mendes\\\/#breadcrumb\"},\"inLanguage\":\"es\",\"potentialAction\":[{\"@type\":\"ReadAction\",\"target\":[\"https:\\\/\\\/festivalibericobadajoz.es\\\/web\\\/maria-mendes\\\/\"]}]},{\"@type\":\"BreadcrumbList\",\"@id\":\"https:\\\/\\\/festivalibericobadajoz.es\\\/web\\\/maria-mendes\\\/#breadcrumb\",\"itemListElement\":[{\"@type\":\"ListItem\",\"position\":1,\"name\":\"Portada\",\"item\":\"https:\\\/\\\/festivalibericobadajoz.es\\\/web\\\/\"},{\"@type\":\"ListItem\",\"position\":2,\"name\":\"Maria Mendes\"}]},{\"@type\":\"WebSite\",\"@id\":\"https:\\\/\\\/festivalibericobadajoz.es\\\/web\\\/#website\",\"url\":\"https:\\\/\\\/festivalibericobadajoz.es\\\/web\\\/\",\"name\":\"42 Festival Ib\u00e9rico de M\u00fasica de Badajoz\",\"description\":\"Del 31 de mayo al 9 de junio de 2025\",\"potentialAction\":[{\"@type\":\"SearchAction\",\"target\":{\"@type\":\"EntryPoint\",\"urlTemplate\":\"https:\\\/\\\/festivalibericobadajoz.es\\\/web\\\/?s={search_term_string}\"},\"query-input\":{\"@type\":\"PropertyValueSpecification\",\"valueRequired\":true,\"valueName\":\"search_term_string\"}}],\"inLanguage\":\"es\"}]}<\/script>\n<!-- \/ Yoast SEO plugin. -->","yoast_head_json":{"title":"Maria Mendes - 42 Festival Ib\u00e9rico de M\u00fasica de Badajoz","robots":{"index":"index","follow":"follow","max-snippet":"max-snippet:-1","max-image-preview":"max-image-preview:large","max-video-preview":"max-video-preview:-1"},"canonical":"https:\/\/festivalibericobadajoz.es\/web\/maria-mendes\/","og_locale":"es_ES","og_type":"article","og_title":"Maria Mendes - 42 Festival Ib\u00e9rico de M\u00fasica de Badajoz","og_description":"Desde su ciudad natal de Oporto, Portugal, hasta escenarios internacionales en Europa y Am\u00e9rica, Maria Mendes se ha consolidado como una de [&hellip;]","og_url":"https:\/\/festivalibericobadajoz.es\/web\/maria-mendes\/","og_site_name":"42 Festival Ib\u00e9rico de M\u00fasica de Badajoz","article_modified_time":"2025-05-11T22:37:10+00:00","twitter_misc":{"Tiempo de lectura":"3 minutos"},"schema":{"@context":"https:\/\/schema.org","@graph":[{"@type":"WebPage","@id":"https:\/\/festivalibericobadajoz.es\/web\/maria-mendes\/","url":"https:\/\/festivalibericobadajoz.es\/web\/maria-mendes\/","name":"Maria Mendes - 42 Festival Ib\u00e9rico de M\u00fasica de Badajoz","isPartOf":{"@id":"https:\/\/festivalibericobadajoz.es\/web\/#website"},"datePublished":"2023-04-30T20:33:04+00:00","dateModified":"2025-05-11T22:37:10+00:00","breadcrumb":{"@id":"https:\/\/festivalibericobadajoz.es\/web\/maria-mendes\/#breadcrumb"},"inLanguage":"es","potentialAction":[{"@type":"ReadAction","target":["https:\/\/festivalibericobadajoz.es\/web\/maria-mendes\/"]}]},{"@type":"BreadcrumbList","@id":"https:\/\/festivalibericobadajoz.es\/web\/maria-mendes\/#breadcrumb","itemListElement":[{"@type":"ListItem","position":1,"name":"Portada","item":"https:\/\/festivalibericobadajoz.es\/web\/"},{"@type":"ListItem","position":2,"name":"Maria Mendes"}]},{"@type":"WebSite","@id":"https:\/\/festivalibericobadajoz.es\/web\/#website","url":"https:\/\/festivalibericobadajoz.es\/web\/","name":"42 Festival Ib\u00e9rico de M\u00fasica de Badajoz","description":"Del 31 de mayo al 9 de junio de 2025","potentialAction":[{"@type":"SearchAction","target":{"@type":"EntryPoint","urlTemplate":"https:\/\/festivalibericobadajoz.es\/web\/?s={search_term_string}"},"query-input":{"@type":"PropertyValueSpecification","valueRequired":true,"valueName":"search_term_string"}}],"inLanguage":"es"}]}},"_links":{"self":[{"href":"https:\/\/festivalibericobadajoz.es\/web\/wp-json\/wp\/v2\/pages\/3033","targetHints":{"allow":["GET"]}}],"collection":[{"href":"https:\/\/festivalibericobadajoz.es\/web\/wp-json\/wp\/v2\/pages"}],"about":[{"href":"https:\/\/festivalibericobadajoz.es\/web\/wp-json\/wp\/v2\/types\/page"}],"author":[{"embeddable":true,"href":"https:\/\/festivalibericobadajoz.es\/web\/wp-json\/wp\/v2\/users\/2"}],"replies":[{"embeddable":true,"href":"https:\/\/festivalibericobadajoz.es\/web\/wp-json\/wp\/v2\/comments?post=3033"}],"version-history":[{"count":4,"href":"https:\/\/festivalibericobadajoz.es\/web\/wp-json\/wp\/v2\/pages\/3033\/revisions"}],"predecessor-version":[{"id":3483,"href":"https:\/\/festivalibericobadajoz.es\/web\/wp-json\/wp\/v2\/pages\/3033\/revisions\/3483"}],"wp:attachment":[{"href":"https:\/\/festivalibericobadajoz.es\/web\/wp-json\/wp\/v2\/media?parent=3033"}],"curies":[{"name":"wp","href":"https:\/\/api.w.org\/{rel}","templated":true}]}}