{"id":2263,"date":"2020-10-05T20:54:37","date_gmt":"2020-10-05T20:54:37","guid":{"rendered":"https:\/\/festivalibericobadajoz.es\/web\/?page_id=2263"},"modified":"2020-10-05T20:54:40","modified_gmt":"2020-10-05T20:54:40","slug":"politica-de-privacidad","status":"publish","type":"page","link":"https:\/\/festivalibericobadajoz.es\/web\/politica-de-privacidad\/","title":{"rendered":"POL\u00cdTICA DE PRIVACIDAD"},"content":{"rendered":"<div class=\"entry-content\">\n<h2 style=\"text-align: justify;\">Protecci\u00f3n de datos personales<\/h2>\n<p style=\"text-align: justify;\">El prestador se encuentra profundamente comprometido con el cumplimiento de la normativa espa\u00f1ola de protecci\u00f3n de datos de car\u00e1cter personal, y garantiza el cumplimiento \u00edntegro de las obligaciones dispuestas, as\u00ed como la implementaci\u00f3n de las medidas de seguridad dispuestas en el art. 9 de la Ley 15\/1999, de Protecci\u00f3n de Datos de Car\u00e1cter Personal (LOPD) y en el Reglamento de Desarrollo.<\/p>\n<p style=\"text-align: justify;\">El prestador pone a disposici\u00f3n de los usuarios la Pol\u00edtica de Privacidad de la entidad informando a los usuarios respecto a los siguientes aspectos:<\/p>\n<ol style=\"text-align: justify;\">\n<li>Datos del Responsable del tratamiento.<\/li>\n<li>Datos tratados.<\/li>\n<li>Fichero en el que se almacenan.<\/li>\n<li>Finalidad del tratamiento.<\/li>\n<li>Sobre los derechos que asisten a todo usuario y el procedimiento para ejercitarlos.<\/li>\n<\/ol>\n<p style=\"text-align: justify;\">Cuando precisemos obtener informaci\u00f3n personal por su parte, siempre se solicita que nos la proporcione de manera voluntariamente y de forma expresa.<\/p>\n<p style=\"text-align: justify;\">En cumplimiento la normativa en Protecci\u00f3n de Datos de Car\u00e1cter Personal, autoriza a que los datos personales facilitados, sean incorporados y tratados en ficheros bajo nuestra responsabilidad, para realizar las siguientes finalidades:<\/p>\n<p style=\"text-align: justify;\">1.- Gestionar nuestra relaci\u00f3n y ofrecerle un servicio personalizado.<\/p>\n<p style=\"text-align: justify;\">2.- La tramitaci\u00f3n de consultas, asesoramiento, encargos, solicitudes o cualquier tipo de petici\u00f3n que sea realizada por el usuario a trav\u00e9s de cualquiera de las formas de contacto que se ponen a disposici\u00f3n del usuario en el sitio web de Sociedad Filarm\u00f3nica de Badajoz.<\/p>\n<p style=\"text-align: justify;\">3.- Remisi\u00f3n de informaci\u00f3n de su inter\u00e9s, as\u00ed como comunicaciones comerciales publicitarias sobre nuestros productos o servicios por e-mail, fax, SMS, MMS, comunidades sociales o cualesquier otro medio electr\u00f3nico o f\u00edsico, presente o futuro, que posibilite realizar comunicaciones comerciales.<\/p>\n<p style=\"text-align: justify;\">Todos los datos solicitados son obligatorios, de no facilitarlos, ser\u00eda imposible llevar a cabo la finalidad para la que se solicitan en cada caso.<\/p>\n<p style=\"text-align: justify;\">Le informamos de que podr\u00e1 hacer efectivo el ejercicio de los <strong>derechos de acceso<\/strong>, <strong>rectificaci\u00f3n<\/strong>, <strong>cancelaci\u00f3n<\/strong> y <strong>oposici\u00f3n<\/strong> al tratamiento de la informaci\u00f3n que le concierne mediante comunicaci\u00f3n por escrito, acreditando debidamente su identidad ante el titular y responsable de los ficheros de datos de car\u00e1cter personal, en la direcci\u00f3n y correo electr\u00f3nico <strong>info@festivalibericobadajoz.es<\/strong>.<\/p>\n<h2 style=\"text-align: justify;\">Informaci\u00f3n del tratamiento<\/h2>\n<p style=\"text-align: justify;\">Seg\u00fan lo dispuesto en el Reglamento General de Protecci\u00f3n de Datos de la UE 2016\/679, el usuario debe recibir informaci\u00f3n puntual y concreta del responsable\u00a0del tratamiento y los usos y fines del mismo. Para ello, se indica la siguiente informaci\u00f3n:<\/p>\n<p style=\"text-align: justify;\"><strong>Responsable:<\/strong> Sociedad Filarm\u00f3nica de Badajoz<br \/>\n<strong>NIF:<\/strong> G06226468<br \/>\n<strong>Direcci\u00f3n:<\/strong> Dependencias del Teatro L\u00f3pez de Ayala.\u00a0Paseo de San Francisco, 1. Badajoz.<\/p>\n<p style=\"text-align: justify;\"><strong>Finalidad:<\/strong> Gesti\u00f3n de la relaci\u00f3n contractual, prestaci\u00f3n de servicios personalizados, tramitaci\u00f3n de consultas, solicitudes y asesoramiento, as\u00ed como la remisi\u00f3n de informaci\u00f3n de su inter\u00e9s y comunicaciones comerciales publicitarias sobre nuestros productos y servicios por cualquier v\u00eda.<\/p>\n<p style=\"text-align: justify;\"><strong>Legitimaci\u00f3n: <\/strong>Consentimiento aceptado por el usuario o representantes legales.<\/p>\n<p style=\"text-align: justify;\"><strong>Destinatarios: <\/strong>Se realizar\u00e1n cesiones de datos por publicaci\u00f3n en esta web en referencia a los admitidos en las diferentes inscripciones a proyectos de la Fundaci\u00f3n y todos aquellos seleccionados en las audiciones para cubrir las vacantes a puestos y bolsas de empleo, con la finalidad de transmitir la mayor transparencia posible en todas las fases y procesos de elecci\u00f3n. Todos los formularios destinados a recabar la informaci\u00f3n necesaria, se obtiene el consentimiento expreso del usuario, padres, tutores o representantes legales.<\/p>\n<p style=\"text-align: justify;\"><strong>Derechos: <\/strong>Todos los derechos recogidos por las normativas vigentes en materia de protecci\u00f3n de datos y privacidad.<\/p>\n<p style=\"text-align: justify;\"><strong>Procedencia de los datos: <\/strong>Del propio usuario o representantes legales.<\/p>\n<\/div>\n","protected":false},"excerpt":{"rendered":"<p>Protecci\u00f3n de datos personales El prestador se encuentra profundamente comprometido con el cumplimiento de la normativa espa\u00f1ola de protecci\u00f3n de datos de [&hellip;]<\/p>\n","protected":false},"author":2,"featured_media":0,"parent":0,"menu_order":0,"comment_status":"closed","ping_status":"closed","template":"","meta":{"footnotes":""},"class_list":["post-2263","page","type-page","status-publish","hentry"],"yoast_head":"<!-- This site is optimized with the Yoast SEO plugin v27.3 - https:\/\/yoast.com\/product\/yoast-seo-wordpress\/ -->\n<title>POL\u00cdTICA DE PRIVACIDAD - 42 Festival Ib\u00e9rico de M\u00fasica de Badajoz<\/title>\n<meta name=\"robots\" content=\"index, follow, max-snippet:-1, max-image-preview:large, max-video-preview:-1\" \/>\n<link rel=\"canonical\" href=\"https:\/\/festivalibericobadajoz.es\/web\/politica-de-privacidad\/\" \/>\n<meta property=\"og:locale\" content=\"es_ES\" \/>\n<meta property=\"og:type\" content=\"article\" \/>\n<meta property=\"og:title\" content=\"POL\u00cdTICA DE PRIVACIDAD - 42 Festival Ib\u00e9rico de M\u00fasica de Badajoz\" \/>\n<meta property=\"og:description\" content=\"Protecci\u00f3n de datos personales El prestador se encuentra profundamente comprometido con el cumplimiento de la normativa espa\u00f1ola de protecci\u00f3n de datos de [&hellip;]\" \/>\n<meta property=\"og:url\" content=\"https:\/\/festivalibericobadajoz.es\/web\/politica-de-privacidad\/\" \/>\n<meta property=\"og:site_name\" content=\"42 Festival Ib\u00e9rico de M\u00fasica de Badajoz\" \/>\n<meta property=\"article:modified_time\" content=\"2020-10-05T20:54:40+00:00\" \/>\n<meta name=\"twitter:label1\" content=\"Tiempo de lectura\" \/>\n\t<meta name=\"twitter:data1\" content=\"3 minutos\" \/>\n<script type=\"application\/ld+json\" class=\"yoast-schema-graph\">{\"@context\":\"https:\\\/\\\/schema.org\",\"@graph\":[{\"@type\":\"WebPage\",\"@id\":\"https:\\\/\\\/festivalibericobadajoz.es\\\/web\\\/politica-de-privacidad\\\/\",\"url\":\"https:\\\/\\\/festivalibericobadajoz.es\\\/web\\\/politica-de-privacidad\\\/\",\"name\":\"POL\u00cdTICA DE PRIVACIDAD - 42 Festival Ib\u00e9rico de M\u00fasica de Badajoz\",\"isPartOf\":{\"@id\":\"https:\\\/\\\/festivalibericobadajoz.es\\\/web\\\/#website\"},\"datePublished\":\"2020-10-05T20:54:37+00:00\",\"dateModified\":\"2020-10-05T20:54:40+00:00\",\"breadcrumb\":{\"@id\":\"https:\\\/\\\/festivalibericobadajoz.es\\\/web\\\/politica-de-privacidad\\\/#breadcrumb\"},\"inLanguage\":\"es\",\"potentialAction\":[{\"@type\":\"ReadAction\",\"target\":[\"https:\\\/\\\/festivalibericobadajoz.es\\\/web\\\/politica-de-privacidad\\\/\"]}]},{\"@type\":\"BreadcrumbList\",\"@id\":\"https:\\\/\\\/festivalibericobadajoz.es\\\/web\\\/politica-de-privacidad\\\/#breadcrumb\",\"itemListElement\":[{\"@type\":\"ListItem\",\"position\":1,\"name\":\"Portada\",\"item\":\"https:\\\/\\\/festivalibericobadajoz.es\\\/web\\\/\"},{\"@type\":\"ListItem\",\"position\":2,\"name\":\"POL\u00cdTICA DE PRIVACIDAD\"}]},{\"@type\":\"WebSite\",\"@id\":\"https:\\\/\\\/festivalibericobadajoz.es\\\/web\\\/#website\",\"url\":\"https:\\\/\\\/festivalibericobadajoz.es\\\/web\\\/\",\"name\":\"42 Festival Ib\u00e9rico de M\u00fasica de Badajoz\",\"description\":\"Del 31 de mayo al 9 de junio de 2025\",\"potentialAction\":[{\"@type\":\"SearchAction\",\"target\":{\"@type\":\"EntryPoint\",\"urlTemplate\":\"https:\\\/\\\/festivalibericobadajoz.es\\\/web\\\/?s={search_term_string}\"},\"query-input\":{\"@type\":\"PropertyValueSpecification\",\"valueRequired\":true,\"valueName\":\"search_term_string\"}}],\"inLanguage\":\"es\"}]}<\/script>\n<!-- \/ Yoast SEO plugin. -->","yoast_head_json":{"title":"POL\u00cdTICA DE PRIVACIDAD - 42 Festival Ib\u00e9rico de M\u00fasica de Badajoz","robots":{"index":"index","follow":"follow","max-snippet":"max-snippet:-1","max-image-preview":"max-image-preview:large","max-video-preview":"max-video-preview:-1"},"canonical":"https:\/\/festivalibericobadajoz.es\/web\/politica-de-privacidad\/","og_locale":"es_ES","og_type":"article","og_title":"POL\u00cdTICA DE PRIVACIDAD - 42 Festival Ib\u00e9rico de M\u00fasica de Badajoz","og_description":"Protecci\u00f3n de datos personales El prestador se encuentra profundamente comprometido con el cumplimiento de la normativa espa\u00f1ola de protecci\u00f3n de datos de [&hellip;]","og_url":"https:\/\/festivalibericobadajoz.es\/web\/politica-de-privacidad\/","og_site_name":"42 Festival Ib\u00e9rico de M\u00fasica de Badajoz","article_modified_time":"2020-10-05T20:54:40+00:00","twitter_misc":{"Tiempo de lectura":"3 minutos"},"schema":{"@context":"https:\/\/schema.org","@graph":[{"@type":"WebPage","@id":"https:\/\/festivalibericobadajoz.es\/web\/politica-de-privacidad\/","url":"https:\/\/festivalibericobadajoz.es\/web\/politica-de-privacidad\/","name":"POL\u00cdTICA DE PRIVACIDAD - 42 Festival Ib\u00e9rico de M\u00fasica de Badajoz","isPartOf":{"@id":"https:\/\/festivalibericobadajoz.es\/web\/#website"},"datePublished":"2020-10-05T20:54:37+00:00","dateModified":"2020-10-05T20:54:40+00:00","breadcrumb":{"@id":"https:\/\/festivalibericobadajoz.es\/web\/politica-de-privacidad\/#breadcrumb"},"inLanguage":"es","potentialAction":[{"@type":"ReadAction","target":["https:\/\/festivalibericobadajoz.es\/web\/politica-de-privacidad\/"]}]},{"@type":"BreadcrumbList","@id":"https:\/\/festivalibericobadajoz.es\/web\/politica-de-privacidad\/#breadcrumb","itemListElement":[{"@type":"ListItem","position":1,"name":"Portada","item":"https:\/\/festivalibericobadajoz.es\/web\/"},{"@type":"ListItem","position":2,"name":"POL\u00cdTICA DE PRIVACIDAD"}]},{"@type":"WebSite","@id":"https:\/\/festivalibericobadajoz.es\/web\/#website","url":"https:\/\/festivalibericobadajoz.es\/web\/","name":"42 Festival Ib\u00e9rico de M\u00fasica de Badajoz","description":"Del 31 de mayo al 9 de junio de 2025","potentialAction":[{"@type":"SearchAction","target":{"@type":"EntryPoint","urlTemplate":"https:\/\/festivalibericobadajoz.es\/web\/?s={search_term_string}"},"query-input":{"@type":"PropertyValueSpecification","valueRequired":true,"valueName":"search_term_string"}}],"inLanguage":"es"}]}},"_links":{"self":[{"href":"https:\/\/festivalibericobadajoz.es\/web\/wp-json\/wp\/v2\/pages\/2263","targetHints":{"allow":["GET"]}}],"collection":[{"href":"https:\/\/festivalibericobadajoz.es\/web\/wp-json\/wp\/v2\/pages"}],"about":[{"href":"https:\/\/festivalibericobadajoz.es\/web\/wp-json\/wp\/v2\/types\/page"}],"author":[{"embeddable":true,"href":"https:\/\/festivalibericobadajoz.es\/web\/wp-json\/wp\/v2\/users\/2"}],"replies":[{"embeddable":true,"href":"https:\/\/festivalibericobadajoz.es\/web\/wp-json\/wp\/v2\/comments?post=2263"}],"version-history":[{"count":1,"href":"https:\/\/festivalibericobadajoz.es\/web\/wp-json\/wp\/v2\/pages\/2263\/revisions"}],"predecessor-version":[{"id":2264,"href":"https:\/\/festivalibericobadajoz.es\/web\/wp-json\/wp\/v2\/pages\/2263\/revisions\/2264"}],"wp:attachment":[{"href":"https:\/\/festivalibericobadajoz.es\/web\/wp-json\/wp\/v2\/media?parent=2263"}],"curies":[{"name":"wp","href":"https:\/\/api.w.org\/{rel}","templated":true}]}}